{"id":71,"date":"2025-05-31T11:52:13","date_gmt":"2025-05-31T09:52:13","guid":{"rendered":"https:\/\/www.jazzalam.com\/?page_id=71"},"modified":"2025-06-01T19:03:13","modified_gmt":"2025-06-01T17:03:13","slug":"le-chef","status":"publish","type":"page","link":"https:\/\/www.jazzalam.com\/?page_id=71","title":{"rendered":"Le chef"},"content":{"rendered":"\t\t<div data-elementor-type=\"wp-page\" data-elementor-id=\"71\" class=\"elementor elementor-71\">\n\t\t\t\t<div class=\"elementor-element elementor-element-8d9666b e-flex e-con-boxed e-con e-parent\" data-id=\"8d9666b\" data-element_type=\"container\" data-settings=\"{&quot;background_background&quot;:&quot;classic&quot;}\">\n\t\t\t\t\t<div class=\"e-con-inner\">\n\t\t\t\t<div class=\"elementor-element elementor-element-8c76edb elementor-widget elementor-widget-heading\" data-id=\"8c76edb\" data-element_type=\"widget\" data-widget_type=\"heading.default\">\n\t\t\t\t<div class=\"elementor-widget-container\">\n\t\t\t\t\t<h2 class=\"elementor-heading-title elementor-size-default\">Le chef<\/h2>\t\t\t\t<\/div>\n\t\t\t\t<\/div>\n\t\t\t\t\t<\/div>\n\t\t\t\t<\/div>\n\t\t<div class=\"elementor-element elementor-element-2306426 e-flex e-con-boxed e-con e-parent\" data-id=\"2306426\" data-element_type=\"container\">\n\t\t\t\t\t<div class=\"e-con-inner\">\n\t\t<div class=\"elementor-element elementor-element-01fb1f7 e-con-full e-flex e-con e-child\" data-id=\"01fb1f7\" data-element_type=\"container\">\n\t\t\t\t<div class=\"elementor-element elementor-element-905c7f1 elementor-widget elementor-widget-image\" data-id=\"905c7f1\" data-element_type=\"widget\" data-widget_type=\"image.default\">\n\t\t\t\t<div class=\"elementor-widget-container\">\n\t\t\t\t\t\t\t\t\t\t\t\t\t\t\t<img fetchpriority=\"high\" decoding=\"async\" width=\"439\" height=\"365\" src=\"https:\/\/www.jazzalam.com\/wp-content\/uploads\/2025\/06\/Antoine-delprat-def.jpg\" class=\"attachment-large size-large wp-image-170\" alt=\"\" srcset=\"https:\/\/www.jazzalam.com\/wp-content\/uploads\/2025\/06\/Antoine-delprat-def.jpg 439w, https:\/\/www.jazzalam.com\/wp-content\/uploads\/2025\/06\/Antoine-delprat-def-300x249.jpg 300w\" sizes=\"(max-width: 439px) 100vw, 439px\" \/>\t\t\t\t\t\t\t\t\t\t\t\t\t\t\t<\/div>\n\t\t\t\t<\/div>\n\t\t\t\t<\/div>\n\t\t<div class=\"elementor-element elementor-element-ae7bdc5 e-con-full e-flex e-con e-child\" data-id=\"ae7bdc5\" data-element_type=\"container\">\n\t\t\t\t<div class=\"elementor-element elementor-element-65e99b9 elementor-widget elementor-widget-text-editor\" data-id=\"65e99b9\" data-element_type=\"widget\" data-widget_type=\"text-editor.default\">\n\t\t\t\t<div class=\"elementor-widget-container\">\n\t\t\t\t\t\t\t\t\t<h5><strong>La direction musicale est assur\u00e9e par Antoine Delprat.<\/strong><\/h5><p><strong>Violoniste, pianiste, compositeur et arrangeur, il a b\u00e9n\u00e9fici\u00e9 de formations classique et jazz, son parcours \u00a0l\u2019a vu r\u00e9compens\u00e9 par deux prix d\u2019\u00e9criture et une licence de Jazz et Musique improvis\u00e9es du CNSM de \u00a0Paris.\u00a0<\/strong><br \/><strong>Parall\u00e8lement \u00e0 sa carri\u00e8re de soliste, il accompagne chanteurs, chanteuses, et ch\u0153urs Jazz depuis \u00a0plusieurs ann\u00e9es et entretient une relation privil\u00e9gi\u00e9e avec le jazz vocal.<\/strong><\/p>\t\t\t\t\t\t\t\t<\/div>\n\t\t\t\t<\/div>\n\t\t\t\t<div class=\"elementor-element elementor-element-67825d9 elementor-align-center elementor-widget elementor-widget-button\" data-id=\"67825d9\" data-element_type=\"widget\" data-widget_type=\"button.default\">\n\t\t\t\t<div class=\"elementor-widget-container\">\n\t\t\t\t\t\t\t\t\t<div class=\"elementor-button-wrapper\">\n\t\t\t\t\t<a class=\"elementor-button elementor-button-link elementor-size-sm\" href=\"http:\/\/antoinedelprat.com\/\" target=\"_blank\">\n\t\t\t\t\t\t<span class=\"elementor-button-content-wrapper\">\n\t\t\t\t\t\t\t\t\t<span class=\"elementor-button-text\">Antoine Delprat<\/span>\n\t\t\t\t\t<\/span>\n\t\t\t\t\t<\/a>\n\t\t\t\t<\/div>\n\t\t\t\t\t\t\t\t<\/div>\n\t\t\t\t<\/div>\n\t\t\t\t<\/div>\n\t\t\t\t\t<\/div>\n\t\t\t\t<\/div>\n\t\t<div class=\"elementor-element elementor-element-25e0eab e-flex e-con-boxed e-con e-parent\" data-id=\"25e0eab\" data-element_type=\"container\">\n\t\t\t\t\t<div class=\"e-con-inner\">\n\t\t<div class=\"elementor-element elementor-element-a0d732c e-con-full e-flex e-con e-child\" data-id=\"a0d732c\" data-element_type=\"container\">\n\t\t\t\t<div class=\"elementor-element elementor-element-a523ae7 elementor-widget elementor-widget-text-editor\" data-id=\"a523ae7\" data-element_type=\"widget\" data-widget_type=\"text-editor.default\">\n\t\t\t\t<div class=\"elementor-widget-container\">\n\t\t\t\t\t\t\t\t\t<p>Jusqu\u2019\u00e0 2009, Jazzalam \u00e9tait co-dirig\u00e9 avec Nick Stern.<\/p><p>Ses arrangements et son \u00e9nergie rythmique figurent encore au r\u00e9pertoire.<\/p>\t\t\t\t\t\t\t\t<\/div>\n\t\t\t\t<\/div>\n\t\t\t\t<\/div>\n\t\t<div class=\"elementor-element elementor-element-e4b6c28 e-con-full e-flex e-con e-child\" data-id=\"e4b6c28\" data-element_type=\"container\">\n\t\t\t\t<div class=\"elementor-element elementor-element-4136056 elementor-widget elementor-widget-image\" data-id=\"4136056\" data-element_type=\"widget\" data-widget_type=\"image.default\">\n\t\t\t\t<div class=\"elementor-widget-container\">\n\t\t\t\t\t\t\t\t\t\t\t\t\t\t\t<img decoding=\"async\" width=\"537\" height=\"282\" src=\"https:\/\/www.jazzalam.com\/wp-content\/uploads\/2025\/06\/nickantoine.jpg\" class=\"attachment-large size-large wp-image-174\" alt=\"\" srcset=\"https:\/\/www.jazzalam.com\/wp-content\/uploads\/2025\/06\/nickantoine.jpg 537w, https:\/\/www.jazzalam.com\/wp-content\/uploads\/2025\/06\/nickantoine-300x158.jpg 300w\" sizes=\"(max-width: 537px) 100vw, 537px\" \/>\t\t\t\t\t\t\t\t\t\t\t\t\t\t\t<\/div>\n\t\t\t\t<\/div>\n\t\t\t\t<\/div>\n\t\t\t\t\t<\/div>\n\t\t\t\t<\/div>\n\t\t<div class=\"elementor-element elementor-element-d65a60b e-flex e-con-boxed e-con e-parent\" data-id=\"d65a60b\" data-element_type=\"container\">\n\t\t\t\t\t<div class=\"e-con-inner\">\n\t\t<div class=\"elementor-element elementor-element-2d2f83f e-con-full e-flex e-con e-child\" data-id=\"2d2f83f\" data-element_type=\"container\">\n\t\t\t\t<div class=\"elementor-element elementor-element-3a6e2e7 elementor-widget elementor-widget-text-editor\" data-id=\"3a6e2e7\" data-element_type=\"widget\" data-widget_type=\"text-editor.default\">\n\t\t\t\t<div class=\"elementor-widget-container\">\n\t\t\t\t\t\t\t\t\t<p><strong>Adrien Daoud, contrebassiste est pr\u00e9sent \u00e0 tous nos concerts en complicit\u00e9 avec Antoine Delprat.<\/strong><\/p>\t\t\t\t\t\t\t\t<\/div>\n\t\t\t\t<\/div>\n\t\t\t\t<div class=\"elementor-element elementor-element-bac7053 elementor-align-center elementor-widget elementor-widget-button\" data-id=\"bac7053\" data-element_type=\"widget\" data-widget_type=\"button.default\">\n\t\t\t\t<div class=\"elementor-widget-container\">\n\t\t\t\t\t\t\t\t\t<div class=\"elementor-button-wrapper\">\n\t\t\t\t\t<a class=\"elementor-button elementor-button-link elementor-size-sm\" href=\"https:\/\/adriendaoud.wordpress.com\/bio\/\" target=\"_blank\">\n\t\t\t\t\t\t<span class=\"elementor-button-content-wrapper\">\n\t\t\t\t\t\t\t\t\t<span class=\"elementor-button-text\">Adrien Daoud<\/span>\n\t\t\t\t\t<\/span>\n\t\t\t\t\t<\/a>\n\t\t\t\t<\/div>\n\t\t\t\t\t\t\t\t<\/div>\n\t\t\t\t<\/div>\n\t\t\t\t<\/div>\n\t\t<div class=\"elementor-element elementor-element-b2dde33 e-con-full e-flex e-con e-child\" data-id=\"b2dde33\" data-element_type=\"container\">\n\t\t\t\t<div class=\"elementor-element elementor-element-76b8c08 e-transform elementor-widget elementor-widget-image\" data-id=\"76b8c08\" data-element_type=\"widget\" data-settings=\"{&quot;_transform_scale_effect&quot;:{&quot;unit&quot;:&quot;px&quot;,&quot;size&quot;:0.9,&quot;sizes&quot;:[]},&quot;_transform_scale_effect_tablet&quot;:{&quot;unit&quot;:&quot;px&quot;,&quot;size&quot;:&quot;&quot;,&quot;sizes&quot;:[]},&quot;_transform_scale_effect_mobile&quot;:{&quot;unit&quot;:&quot;px&quot;,&quot;size&quot;:&quot;&quot;,&quot;sizes&quot;:[]}}\" data-widget_type=\"image.default\">\n\t\t\t\t<div class=\"elementor-widget-container\">\n\t\t\t\t\t\t\t\t\t\t\t\t\t\t\t<img decoding=\"async\" width=\"512\" height=\"360\" src=\"https:\/\/www.jazzalam.com\/wp-content\/uploads\/2025\/06\/Adrien-Daoud.jpg\" class=\"attachment-large size-large wp-image-173\" alt=\"\" srcset=\"https:\/\/www.jazzalam.com\/wp-content\/uploads\/2025\/06\/Adrien-Daoud.jpg 512w, https:\/\/www.jazzalam.com\/wp-content\/uploads\/2025\/06\/Adrien-Daoud-300x211.jpg 300w\" sizes=\"(max-width: 512px) 100vw, 512px\" \/>\t\t\t\t\t\t\t\t\t\t\t\t\t\t\t<\/div>\n\t\t\t\t<\/div>\n\t\t\t\t<\/div>\n\t\t\t\t\t<\/div>\n\t\t\t\t<\/div>\n\t\t\t\t<\/div>\n\t\t","protected":false},"excerpt":{"rendered":"<p>Le chef La direction musicale est assur\u00e9e par Antoine Delprat. Violoniste, pianiste, compositeur et arrangeur, il a b\u00e9n\u00e9fici\u00e9 de formations [&hellip;]<\/p>\n","protected":false},"author":1,"featured_media":0,"parent":0,"menu_order":0,"comment_status":"closed","ping_status":"closed","template":"","meta":{"site-sidebar-layout":"no-sidebar","site-content-layout":"","ast-site-content-layout":"full-width-container","site-content-style":"default","site-sidebar-style":"default","ast-global-header-display":"","ast-banner-title-visibility":"","ast-main-header-display":"","ast-hfb-above-header-display":"","ast-hfb-below-header-display":"","ast-hfb-mobile-header-display":"","site-post-title":"disabled","ast-breadcrumbs-content":"","ast-featured-img":"disabled","footer-sml-layout":"","theme-transparent-header-meta":"","adv-header-id-meta":"","stick-header-meta":"","header-above-stick-meta":"","header-main-stick-meta":"","header-below-stick-meta":"","astra-migrate-meta-layouts":"default","ast-page-background-enabled":"default","ast-page-background-meta":{"desktop":{"background-color":"var(--ast-global-color-5)","background-image":"","background-repeat":"repeat","background-position":"center center","background-size":"auto","background-attachment":"scroll","background-type":"","background-media":"","overlay-type":"","overlay-color":"","overlay-opacity":"","overlay-gradient":""},"tablet":{"background-color":"","background-image":"","background-repeat":"repeat","background-position":"center center","background-size":"auto","background-attachment":"scroll","background-type":"","background-media":"","overlay-type":"","overlay-color":"","overlay-opacity":"","overlay-gradient":""},"mobile":{"background-color":"","background-image":"","background-repeat":"repeat","background-position":"center center","background-size":"auto","background-attachment":"scroll","background-type":"","background-media":"","overlay-type":"","overlay-color":"","overlay-opacity":"","overlay-gradient":""}},"ast-content-background-meta":{"desktop":{"background-color":"var(--ast-global-color-4)","background-image":"","background-repeat":"repeat","background-position":"center center","background-size":"auto","background-attachment":"scroll","background-type":"","background-media":"","overlay-type":"","overlay-color":"","overlay-opacity":"","overlay-gradient":""},"tablet":{"background-color":"var(--ast-global-color-4)","background-image":"","background-repeat":"repeat","background-position":"center center","background-size":"auto","background-attachment":"scroll","background-type":"","background-media":"","overlay-type":"","overlay-color":"","overlay-opacity":"","overlay-gradient":""},"mobile":{"background-color":"var(--ast-global-color-4)","background-image":"","background-repeat":"repeat","background-position":"center center","background-size":"auto","background-attachment":"scroll","background-type":"","background-media":"","overlay-type":"","overlay-color":"","overlay-opacity":"","overlay-gradient":""}},"footnotes":""},"class_list":["post-71","page","type-page","status-publish","hentry"],"_links":{"self":[{"href":"https:\/\/www.jazzalam.com\/index.php?rest_route=\/wp\/v2\/pages\/71","targetHints":{"allow":["GET"]}}],"collection":[{"href":"https:\/\/www.jazzalam.com\/index.php?rest_route=\/wp\/v2\/pages"}],"about":[{"href":"https:\/\/www.jazzalam.com\/index.php?rest_route=\/wp\/v2\/types\/page"}],"author":[{"embeddable":true,"href":"https:\/\/www.jazzalam.com\/index.php?rest_route=\/wp\/v2\/users\/1"}],"replies":[{"embeddable":true,"href":"https:\/\/www.jazzalam.com\/index.php?rest_route=%2Fwp%2Fv2%2Fcomments&post=71"}],"version-history":[{"count":19,"href":"https:\/\/www.jazzalam.com\/index.php?rest_route=\/wp\/v2\/pages\/71\/revisions"}],"predecessor-version":[{"id":510,"href":"https:\/\/www.jazzalam.com\/index.php?rest_route=\/wp\/v2\/pages\/71\/revisions\/510"}],"wp:attachment":[{"href":"https:\/\/www.jazzalam.com\/index.php?rest_route=%2Fwp%2Fv2%2Fmedia&parent=71"}],"curies":[{"name":"wp","href":"https:\/\/api.w.org\/{rel}","templated":true}]}}